{"id":49,"date":"2023-02-13T06:30:47","date_gmt":"2023-02-13T06:30:47","guid":{"rendered":"https:\/\/themegenix.net\/reland\/?page_id=49"},"modified":"2024-03-12T23:47:36","modified_gmt":"2024-03-12T23:47:36","slug":"homesq","status":"publish","type":"page","link":"https:\/\/tiranatower.al\/en\/","title":{"rendered":"Home"},"content":{"rendered":"\t\t<div data-elementor-type=\"wp-page\" data-elementor-id=\"49\" class=\"elementor elementor-49\">\n\t\t\t\t\t\t<section class=\"elementor-section elementor-top-section elementor-element elementor-element-508194b elementor-section-full_width elementor-section-height-default elementor-section-height-default\" data-id=\"508194b\" data-element_type=\"section\">\n\t\t\t\t\t\t<div class=\"elementor-container elementor-column-gap-no\">\n\t\t\t\t\t<div class=\"elementor-column elementor-col-100 elementor-top-column elementor-element elementor-element-b5ce974\" data-id=\"b5ce974\" data-element_type=\"column\">\n\t\t\t<div class=\"elementor-widget-wrap elementor-element-populated\">\n\t\t\t\t\t\t<div class=\"elementor-element elementor-element-0a9c82a elementor-widget elementor-widget-hero-banner\" data-id=\"0a9c82a\" data-element_type=\"widget\" data-widget_type=\"hero-banner.default\">\n\t\t\t\t<div class=\"elementor-widget-container\">\n\t\t\t\t\t\r\n\t\t\r\n            <script>\r\n                jQuery(document).ready(function($){\r\n\r\n                    $(window).on('load', function () {\r\n                        mainSlider();\r\n                    });\r\n\r\n                    $(\"[data-background]\").each(function () {\r\n                        $(this).css(\"background-image\", \"url(\" + $(this).attr(\"data-background\") + \")\")\r\n                    });\r\n\r\n                    \/*===========================================\r\n                        =    \t\t Main Slider\t\t      =\r\n                    =============================================*\/\r\n                    function mainSlider() {\r\n                        var BasicSlider = $('.slider-active');\r\n                        BasicSlider.on('init', function (e, slick) {\r\n                            var $firstAnimatingElements = $('.single-slider:first-child').find('[data-animation]');\r\n                            doAnimations($firstAnimatingElements);\r\n                        });\r\n                        BasicSlider.on('beforeChange', function (e, slick, currentSlide, nextSlide) {\r\n                            var $animatingElements = $('.single-slider[data-slick-index=\"' + nextSlide + '\"]').find('[data-animation]');\r\n                            doAnimations($animatingElements);\r\n                        });\r\n                        BasicSlider.slick({\r\n                            autoplay: true,\r\n                            autoplaySpeed: 5000,\r\n                            dots: true,\r\n                            fade: true,\r\n                            rtl: false,\r\n                            arrows: false,\r\n                            responsive: [\r\n                                { breakpoint: 767,\r\n                                    settings: {\r\n                                        dots: false,\r\n                                        arrows: false\r\n                                    }\r\n                                }\r\n                            ]\r\n                        });\r\n\r\n                        function doAnimations(elements) {\r\n                            var animationEndEvents = 'webkitAnimationEnd mozAnimationEnd MSAnimationEnd oanimationend animationend';\r\n                            elements.each(function () {\r\n                                var $this = $(this);\r\n                                var $animationDelay = $this.data('delay');\r\n                                var $animationType = 'animated ' + $this.data('animation');\r\n                                $this.css({\r\n                                    'animation-delay': $animationDelay,\r\n                                    '-webkit-animation-delay': $animationDelay\r\n                                });\r\n                                $this.addClass($animationType).one(animationEndEvents, function () {\r\n                                    $this.removeClass($animationType);\r\n                                });\r\n                            });\r\n                        }\r\n                    };\r\n\r\n                });\r\n            <\/script>\r\n\r\n            <!-- slider-area -->\r\n            <section class=\"slider-area\">\r\n                <div class=\"slider-active\">\r\n\r\n                                        <div class=\"single-slider slider-bg\" data-background=\"https:\/\/tiranatower.al\/wp-content\/uploads\/2024\/02\/210902_OPP2176_Tirana-Tower_Concept-Presentation_per-print-33-2048x1198.jpg\">\r\n                                                    <div class=\"slider-right-bg\" data-animation=\"tgFadeInRight\" data-delay=\".8s\" data-background=\"https:\/\/tiranatower.al\/wp-content\/uploads\/2024\/02\/210902_OPP2176_Tirana-Tower_Concept-Presentation_per-print-27-2048x1184.jpg\"><\/div>\r\n                                                <div class=\"container\">\r\n                            <div class=\"row justify-content-center\">\r\n                                                                <div class=\"col-xl-8\">\r\n                                    <div class=\"banner-content text-center\">\r\n\r\n                                        <h5 class=\"title\" data-animation=\"fadeInUp\" data-delay=\".2s\">Tirana tower<\/h5>\r\n                                                                                <p data-animation=\"fadeInUp\" data-delay=\".4s\">\r\n                                            Kulla e re m\u00eb moderne  n\u00eb kryeqytet...<h1>                                        <\/p>\r\n                                        \r\n                                                                                <a target=\"_self\" rel=\"nofollow\" href=\"https:\/\/tiranatower.al\/en\/na-kontaktoni\/\" class=\"btn\" data-animation=\"fadeInUp\" data-delay=\".6s\">\r\n                                            <div class=\"btn_m\">\r\n                                                <div class=\"btn_c\">\r\n                                                    <div class=\"btn_t1\">Me shume<\/div>\r\n                                                    <div class=\"btn_t2\">Me shume<\/div>\r\n                                                <\/div>\r\n                                            <\/div>\r\n                                        <\/a>\r\n                                        \r\n                                    <\/div>\r\n                                <\/div>\r\n                                                            <\/div>\r\n                        <\/div>\r\n                    <\/div>\r\n                                        <div class=\"single-slider slider-bg\" data-background=\"https:\/\/tiranatower.al\/wp-content\/uploads\/2024\/02\/210902_OPP2176_Tirana-Tower_Concept-Presentation_per-print-37-scaled.jpg\">\r\n                                                    <div class=\"slider-right-bg\" data-animation=\"tgFadeInRight\" data-delay=\".8s\" data-background=\"https:\/\/tiranatower.al\/wp-content\/uploads\/2024\/02\/210902_OPP2176_Tirana-Tower_Concept-Presentation_per-print-35-scaled.jpg\"><\/div>\r\n                                                <div class=\"container\">\r\n                            <div class=\"row justify-content-center\">\r\n                                                                <div class=\"col-xl-8\">\r\n                                    <div class=\"banner-content text-center\">\r\n\r\n                                        <h2 class=\"title title\" data-animation=\"fadeInUp fadeInUp\" data-delay=\".2s .2s\">ARKITEKTURE MODERNE<\/h2>\r\n                                                                                <p data-animation=\"fadeInUp\" data-delay=\".4s\">\r\n                                            Mobilim bashk\u00ebkohor                                        <\/p>\r\n                                        \r\n                                                                                <a target=\"_self\" rel=\"nofollow\" href=\"https:\/\/tiranatower.al\/en\/na-kontaktoni\/\" class=\"btn\" data-animation=\"fadeInUp\" data-delay=\".6s\">\r\n                                            <div class=\"btn_m\">\r\n                                                <div class=\"btn_c\">\r\n                                                    <div class=\"btn_t1\">Me shume<\/div>\r\n                                                    <div class=\"btn_t2\">Me shume<\/div>\r\n                                                <\/div>\r\n                                            <\/div>\r\n                                        <\/a>\r\n                                        \r\n                                    <\/div>\r\n                                <\/div>\r\n                                                            <\/div>\r\n                        <\/div>\r\n                    <\/div>\r\n                                    <\/div>\r\n\r\n                                <div class=\"banner-scroll-down\">\r\n                    <a href=\"#about\" class=\"section-link\">\r\n                        <span><\/span>\r\n                        <span><\/span>\r\n                        <span><\/span>\r\n                    <\/a>\r\n                <\/div>\r\n                \r\n            <\/section>\r\n            <!-- slider-area-end -->\r\n\r\n        \r\n    \t\t\t\t<\/div>\n\t\t\t\t<\/div>\n\t\t\t\t\t<\/div>\n\t\t<\/div>\n\t\t\t\t\t<\/div>\n\t\t<\/section>\n\t\t<div class=\"elementor-element elementor-element-b46f2d4 e-flex e-con-boxed e-con e-parent\" data-id=\"b46f2d4\" data-element_type=\"container\">\n\t\t\t\t\t<div class=\"e-con-inner\">\n\t\t\t\t<div class=\"elementor-element elementor-element-244b252 elementor-widget elementor-widget-spacer\" data-id=\"244b252\" data-element_type=\"widget\" data-widget_type=\"spacer.default\">\n\t\t\t\t<div class=\"elementor-widget-container\">\n\t\t\t\t\t\t\t<div class=\"elementor-spacer\">\n\t\t\t<div class=\"elementor-spacer-inner\"><\/div>\n\t\t<\/div>\n\t\t\t\t\t\t<\/div>\n\t\t\t\t<\/div>\n\t\t\t\t\t<\/div>\n\t\t\t\t<\/div>\n\t\t<div class=\"elementor-element elementor-element-2c83435 e-flex e-con-boxed e-con e-parent\" data-id=\"2c83435\" data-element_type=\"container\">\n\t\t\t\t\t<div class=\"e-con-inner\">\n\t\t\t\t<div class=\"elementor-element elementor-element-41c8572 elementor-invisible elementor-widget elementor-widget-image\" data-id=\"41c8572\" data-element_type=\"widget\" data-settings=\"{&quot;_animation&quot;:&quot;fadeInRight&quot;}\" data-widget_type=\"image.default\">\n\t\t\t\t<div class=\"elementor-widget-container\">\n\t\t\t\t\t\t\t\t\t\t\t\t\t\t\t<img fetchpriority=\"high\" decoding=\"async\" width=\"2048\" height=\"669\" src=\"https:\/\/tiranatower.al\/wp-content\/uploads\/2024\/02\/Img-Webe-2-1-2048x669.jpg\" class=\"attachment-2048x2048 size-2048x2048 wp-image-1703\" alt=\"\" srcset=\"https:\/\/tiranatower.al\/wp-content\/uploads\/2024\/02\/Img-Webe-2-1-2048x669.jpg 2048w, https:\/\/tiranatower.al\/wp-content\/uploads\/2024\/02\/Img-Webe-2-1-300x98.jpg 300w, https:\/\/tiranatower.al\/wp-content\/uploads\/2024\/02\/Img-Webe-2-1-1024x335.jpg 1024w, https:\/\/tiranatower.al\/wp-content\/uploads\/2024\/02\/Img-Webe-2-1-768x251.jpg 768w, https:\/\/tiranatower.al\/wp-content\/uploads\/2024\/02\/Img-Webe-2-1-1536x502.jpg 1536w\" sizes=\"(max-width: 2048px) 100vw, 2048px\" \/>\t\t\t\t\t\t\t\t\t\t\t\t\t\t\t<\/div>\n\t\t\t\t<\/div>\n\t\t\t\t<div class=\"elementor-element elementor-element-e4cf775 elementor-invisible elementor-widget elementor-widget-image\" data-id=\"e4cf775\" data-element_type=\"widget\" data-settings=\"{&quot;_animation&quot;:&quot;fadeInLeft&quot;}\" data-widget_type=\"image.default\">\n\t\t\t\t<div class=\"elementor-widget-container\">\n\t\t\t\t\t\t\t\t\t\t\t\t\t\t\t<img decoding=\"async\" width=\"2048\" height=\"669\" src=\"https:\/\/tiranatower.al\/wp-content\/uploads\/2024\/02\/Img-Webe-3-1-2048x669.jpg\" class=\"attachment-2048x2048 size-2048x2048 wp-image-1704\" alt=\"\" srcset=\"https:\/\/tiranatower.al\/wp-content\/uploads\/2024\/02\/Img-Webe-3-1-2048x669.jpg 2048w, https:\/\/tiranatower.al\/wp-content\/uploads\/2024\/02\/Img-Webe-3-1-300x98.jpg 300w, https:\/\/tiranatower.al\/wp-content\/uploads\/2024\/02\/Img-Webe-3-1-1024x335.jpg 1024w, https:\/\/tiranatower.al\/wp-content\/uploads\/2024\/02\/Img-Webe-3-1-768x251.jpg 768w, https:\/\/tiranatower.al\/wp-content\/uploads\/2024\/02\/Img-Webe-3-1-1536x502.jpg 1536w\" sizes=\"(max-width: 2048px) 100vw, 2048px\" \/>\t\t\t\t\t\t\t\t\t\t\t\t\t\t\t<\/div>\n\t\t\t\t<\/div>\n\t\t\t\t<div class=\"elementor-element elementor-element-dde26a1 elementor-invisible elementor-widget elementor-widget-image\" data-id=\"dde26a1\" data-element_type=\"widget\" data-settings=\"{&quot;_animation&quot;:&quot;fadeInRight&quot;}\" data-widget_type=\"image.default\">\n\t\t\t\t<div class=\"elementor-widget-container\">\n\t\t\t\t\t\t\t\t\t\t\t\t\t\t\t<img decoding=\"async\" width=\"2048\" height=\"669\" src=\"https:\/\/tiranatower.al\/wp-content\/uploads\/2024\/02\/Img-Webe-4-1-2048x669.jpg\" class=\"attachment-2048x2048 size-2048x2048 wp-image-1705\" alt=\"\" srcset=\"https:\/\/tiranatower.al\/wp-content\/uploads\/2024\/02\/Img-Webe-4-1-2048x669.jpg 2048w, https:\/\/tiranatower.al\/wp-content\/uploads\/2024\/02\/Img-Webe-4-1-300x98.jpg 300w, https:\/\/tiranatower.al\/wp-content\/uploads\/2024\/02\/Img-Webe-4-1-1024x335.jpg 1024w, https:\/\/tiranatower.al\/wp-content\/uploads\/2024\/02\/Img-Webe-4-1-768x251.jpg 768w, https:\/\/tiranatower.al\/wp-content\/uploads\/2024\/02\/Img-Webe-4-1-1536x502.jpg 1536w\" sizes=\"(max-width: 2048px) 100vw, 2048px\" \/>\t\t\t\t\t\t\t\t\t\t\t\t\t\t\t<\/div>\n\t\t\t\t<\/div>\n\t\t\t\t<div class=\"elementor-element elementor-element-f1b951e elementor-invisible elementor-widget elementor-widget-image\" data-id=\"f1b951e\" data-element_type=\"widget\" data-settings=\"{&quot;_animation&quot;:&quot;fadeInLeft&quot;}\" data-widget_type=\"image.default\">\n\t\t\t\t<div class=\"elementor-widget-container\">\n\t\t\t\t\t\t\t\t\t\t\t\t\t\t\t<img loading=\"lazy\" decoding=\"async\" width=\"2048\" height=\"669\" src=\"https:\/\/tiranatower.al\/wp-content\/uploads\/2024\/02\/Img-Webe-5-1-2048x669.jpg\" class=\"attachment-2048x2048 size-2048x2048 wp-image-1706\" alt=\"\" srcset=\"https:\/\/tiranatower.al\/wp-content\/uploads\/2024\/02\/Img-Webe-5-1-2048x669.jpg 2048w, https:\/\/tiranatower.al\/wp-content\/uploads\/2024\/02\/Img-Webe-5-1-300x98.jpg 300w, https:\/\/tiranatower.al\/wp-content\/uploads\/2024\/02\/Img-Webe-5-1-1024x335.jpg 1024w, https:\/\/tiranatower.al\/wp-content\/uploads\/2024\/02\/Img-Webe-5-1-768x251.jpg 768w, https:\/\/tiranatower.al\/wp-content\/uploads\/2024\/02\/Img-Webe-5-1-1536x502.jpg 1536w\" sizes=\"(max-width: 2048px) 100vw, 2048px\" \/>\t\t\t\t\t\t\t\t\t\t\t\t\t\t\t<\/div>\n\t\t\t\t<\/div>\n\t\t\t\t<div class=\"elementor-element elementor-element-807e54a elementor-invisible elementor-widget elementor-widget-image\" data-id=\"807e54a\" data-element_type=\"widget\" data-settings=\"{&quot;_animation&quot;:&quot;fadeInRight&quot;}\" data-widget_type=\"image.default\">\n\t\t\t\t<div class=\"elementor-widget-container\">\n\t\t\t\t\t\t\t\t\t\t\t\t\t\t\t<img loading=\"lazy\" decoding=\"async\" width=\"2048\" height=\"669\" src=\"https:\/\/tiranatower.al\/wp-content\/uploads\/2024\/03\/Img-Webe-6-2048x669.jpg\" class=\"attachment-2048x2048 size-2048x2048 wp-image-2236\" alt=\"\" srcset=\"https:\/\/tiranatower.al\/wp-content\/uploads\/2024\/03\/Img-Webe-6-2048x669.jpg 2048w, https:\/\/tiranatower.al\/wp-content\/uploads\/2024\/03\/Img-Webe-6-300x98.jpg 300w, https:\/\/tiranatower.al\/wp-content\/uploads\/2024\/03\/Img-Webe-6-1024x335.jpg 1024w, https:\/\/tiranatower.al\/wp-content\/uploads\/2024\/03\/Img-Webe-6-768x251.jpg 768w, https:\/\/tiranatower.al\/wp-content\/uploads\/2024\/03\/Img-Webe-6-1536x502.jpg 1536w, https:\/\/tiranatower.al\/wp-content\/uploads\/2024\/03\/Img-Webe-6-18x6.jpg 18w\" sizes=\"(max-width: 2048px) 100vw, 2048px\" \/>\t\t\t\t\t\t\t\t\t\t\t\t\t\t\t<\/div>\n\t\t\t\t<\/div>\n\t\t\t\t<div class=\"elementor-element elementor-element-ba3c11c elementor-invisible elementor-widget elementor-widget-image\" data-id=\"ba3c11c\" data-element_type=\"widget\" data-settings=\"{&quot;_animation&quot;:&quot;fadeInLeft&quot;}\" data-widget_type=\"image.default\">\n\t\t\t\t<div class=\"elementor-widget-container\">\n\t\t\t\t\t\t\t\t\t\t\t\t\t\t\t<img loading=\"lazy\" decoding=\"async\" width=\"2048\" height=\"669\" src=\"https:\/\/tiranatower.al\/wp-content\/uploads\/2024\/02\/Img-Webe-7-2-2048x669.jpg\" class=\"attachment-2048x2048 size-2048x2048 wp-image-1708\" alt=\"\" srcset=\"https:\/\/tiranatower.al\/wp-content\/uploads\/2024\/02\/Img-Webe-7-2-2048x669.jpg 2048w, https:\/\/tiranatower.al\/wp-content\/uploads\/2024\/02\/Img-Webe-7-2-300x98.jpg 300w, https:\/\/tiranatower.al\/wp-content\/uploads\/2024\/02\/Img-Webe-7-2-1024x335.jpg 1024w, https:\/\/tiranatower.al\/wp-content\/uploads\/2024\/02\/Img-Webe-7-2-768x251.jpg 768w, https:\/\/tiranatower.al\/wp-content\/uploads\/2024\/02\/Img-Webe-7-2-1536x502.jpg 1536w\" sizes=\"(max-width: 2048px) 100vw, 2048px\" \/>\t\t\t\t\t\t\t\t\t\t\t\t\t\t\t<\/div>\n\t\t\t\t<\/div>\n\t\t\t\t\t<\/div>\n\t\t\t\t<\/div>\n\t\t\t\t<section class=\"elementor-section elementor-top-section elementor-element elementor-element-262ad56 elementor-section-full_width elementor-section-height-default elementor-section-height-default\" data-id=\"262ad56\" data-element_type=\"section\" data-settings=\"{&quot;background_background&quot;:&quot;classic&quot;}\">\n\t\t\t\t\t\t<div class=\"elementor-container elementor-column-gap-no\">\n\t\t\t\t\t<div class=\"elementor-column elementor-col-100 elementor-top-column elementor-element elementor-element-8be58cc\" data-id=\"8be58cc\" data-element_type=\"column\">\n\t\t\t<div class=\"elementor-widget-wrap elementor-element-populated\">\n\t\t\t\t\t\t<div class=\"elementor-element elementor-element-95e360c elementor-widget elementor-widget-tg-project\" data-id=\"95e360c\" data-element_type=\"widget\" data-widget_type=\"tg-project.default\">\n\t\t\t\t<div class=\"elementor-widget-container\">\n\t\t\t\t\t\r\n        \r\n            <!-- project-area -->\r\n            <section class=\"project-area\">\r\n                <div class=\"container\">\r\n\r\n                                        <div class=\"row justify-content-center\">\r\n                        <div class=\"col-xl-8\">\r\n                            <div class=\"section-title text-center mb-60\">\r\n\r\n                                                                <span class=\"sub-title\">Projekti yn\u00eb<\/span>\r\n                                \r\n                                <h2 class=\"title\">Zbulo Tipologjite tona<\/h2>\r\n                            <\/div>\r\n                        <\/div>\r\n                    <\/div>\r\n                    \r\n                    <div class=\"project-item-wrap\">\r\n                        <div class=\"row\">\r\n                            \r\n                                \r\n                            \r\n                                \r\n                                                    <\/div>\r\n\r\n                                                <div class=\"view-all-btn text-center\">\r\n                            <a href=\"https:\/\/tiranatower.al\/en\/projektettona\/\" target=\"_self\" rel=\"nofollow\" class=\"btn transparent-btn\" >\r\n                                <div class=\"btn_m\">\r\n                                    <div class=\"btn_c\">\r\n                                        <div class=\"btn_t1\">Me shume<\/div>\r\n                                        <div class=\"btn_t2\">Me shume<\/div>\r\n                                    <\/div>\r\n                                <\/div>\r\n                            <\/a>\r\n                        <\/div>\r\n                        \r\n                    <\/div>\r\n                <\/div>\r\n            <\/section>\r\n            <!-- project-area-end -->\r\n\r\n        \r\n\r\n    \t\t\t\t<\/div>\n\t\t\t\t<\/div>\n\t\t\t\t\t<\/div>\n\t\t<\/div>\n\t\t\t\t\t<\/div>\n\t\t<\/section>\n\t\t<div class=\"elementor-element elementor-element-4b50707 e-flex e-con-boxed e-con e-parent\" data-id=\"4b50707\" data-element_type=\"container\">\n\t\t\t\t\t<div class=\"e-con-inner\">\n\t\t\t\t\t<\/div>\n\t\t\t\t<\/div>\n\t\t<div class=\"elementor-element elementor-element-e11b17d e-flex e-con-boxed e-con e-parent\" data-id=\"e11b17d\" data-element_type=\"container\">\n\t\t\t\t\t<div class=\"e-con-inner\">\n\t\t\t\t<div class=\"elementor-element elementor-element-5368c0a elementor-widget elementor-widget-spacer\" data-id=\"5368c0a\" data-element_type=\"widget\" data-widget_type=\"spacer.default\">\n\t\t\t\t<div class=\"elementor-widget-container\">\n\t\t\t\t\t\t\t<div class=\"elementor-spacer\">\n\t\t\t<div class=\"elementor-spacer-inner\"><\/div>\n\t\t<\/div>\n\t\t\t\t\t\t<\/div>\n\t\t\t\t<\/div>\n\t\t\t\t\t<\/div>\n\t\t\t\t<\/div>\n\t\t<div class=\"elementor-element elementor-element-85cd76a e-flex e-con-boxed e-con e-parent\" data-id=\"85cd76a\" data-element_type=\"container\">\n\t\t\t\t\t<div class=\"e-con-inner\">\n\t\t\t\t<div class=\"elementor-element elementor-element-22f4f17 elementor-widget elementor-widget-spacer\" data-id=\"22f4f17\" data-element_type=\"widget\" data-widget_type=\"spacer.default\">\n\t\t\t\t<div class=\"elementor-widget-container\">\n\t\t\t\t\t\t\t<div class=\"elementor-spacer\">\n\t\t\t<div class=\"elementor-spacer-inner\"><\/div>\n\t\t<\/div>\n\t\t\t\t\t\t<\/div>\n\t\t\t\t<\/div>\n\t\t\t\t\t<\/div>\n\t\t\t\t<\/div>\n\t\t\t\t<\/div>\n\t\t","protected":false},"excerpt":{"rendered":"<p>Tirana tower Kulla e re m\u00eb moderne n\u00eb kryeqytet&#8230; Me shume Me shume ARKITEKTURE MODERNE Mobilim bashk\u00ebkohor Me shume Me shume Projekti yn\u00eb Zbulo Tipologjite tona Apartamente 1+1 Tirana,AL Apartamente 2+1 Tirana,AL Me shume Me shume<\/p>","protected":false},"author":2,"featured_media":0,"parent":0,"menu_order":0,"comment_status":"closed","ping_status":"closed","template":"elementor_header_footer","meta":{"_acf_changed":false,"footnotes":""},"class_list":["post-49","page","type-page","status-publish","hentry"],"acf":[],"_links":{"self":[{"href":"https:\/\/tiranatower.al\/en\/wp-json\/wp\/v2\/pages\/49","targetHints":{"allow":["GET"]}}],"collection":[{"href":"https:\/\/tiranatower.al\/en\/wp-json\/wp\/v2\/pages"}],"about":[{"href":"https:\/\/tiranatower.al\/en\/wp-json\/wp\/v2\/types\/page"}],"author":[{"embeddable":true,"href":"https:\/\/tiranatower.al\/en\/wp-json\/wp\/v2\/users\/2"}],"replies":[{"embeddable":true,"href":"https:\/\/tiranatower.al\/en\/wp-json\/wp\/v2\/comments?post=49"}],"version-history":[{"count":5,"href":"https:\/\/tiranatower.al\/en\/wp-json\/wp\/v2\/pages\/49\/revisions"}],"predecessor-version":[{"id":2361,"href":"https:\/\/tiranatower.al\/en\/wp-json\/wp\/v2\/pages\/49\/revisions\/2361"}],"wp:attachment":[{"href":"https:\/\/tiranatower.al\/en\/wp-json\/wp\/v2\/media?parent=49"}],"curies":[{"name":"wp","href":"https:\/\/api.w.org\/{rel}","templated":true}]}}