{"id":87,"date":"2023-02-13T07:15:53","date_gmt":"2023-02-13T07:15:53","guid":{"rendered":"https:\/\/themegenix.net\/reland\/?page_id=87"},"modified":"2024-03-12T23:52:37","modified_gmt":"2024-03-12T23:52:37","slug":"historiajone","status":"publish","type":"page","link":"https:\/\/tiranatower.al\/en\/historiajone\/","title":{"rendered":"Our History"},"content":{"rendered":"<div data-elementor-type=\"wp-page\" data-elementor-id=\"87\" class=\"elementor elementor-87\">\n\t\t\t\t\t\t<section class=\"elementor-section elementor-top-section elementor-element elementor-element-8ac5800 elementor-section-full_width elementor-section-height-default elementor-section-height-default\" data-id=\"8ac5800\" data-element_type=\"section\">\n\t\t\t\t\t\t<div class=\"elementor-container elementor-column-gap-no\">\n\t\t\t\t\t<div class=\"elementor-column elementor-col-100 elementor-top-column elementor-element elementor-element-f440656\" data-id=\"f440656\" data-element_type=\"column\">\n\t\t\t<div class=\"elementor-widget-wrap elementor-element-populated\">\n\t\t\t\t\t\t<div class=\"elementor-element elementor-element-eb39472 elementor-widget elementor-widget-tg-mission-vision\" data-id=\"eb39472\" data-element_type=\"widget\" data-widget_type=\"tg-mission-vision.default\">\n\t\t\t\t<div class=\"elementor-widget-container\">\n\t\t\t\t\t\r\n        \r\n            <!-- mission-area -->\r\n            <section class=\"mission-area\">\r\n                <div class=\"container\">\r\n                    <div class=\"row align-items-center\">\r\n\r\n                                                <div class=\"col-lg-6\">\r\n                            <div class=\"mission-img\">\r\n                                <img decoding=\"async\" src=\"https:\/\/tiranatower.al\/wp-content\/uploads\/2024\/02\/Untitled-4-03-1-2048x1225.jpg\" alt=\"\">\r\n                            <\/div>\r\n                        <\/div>\r\n                        \r\n                        <div class=\"col-lg-6\">\r\n                            <div class=\"mission-content\">\r\n                                                                <div class=\"section-title mb-40\">\r\n\r\n                                                                        <span class=\"sub-title\">Our History<\/span>\r\n                                    \r\n                                    <h2 class=\"title\">DIAGRAMA E ZHVILLIMIT TE FASADES<\/h2>\r\n                                <\/div>\r\n\r\n                                                                    <p>  \nLand surface area  29980 m2\n<br>Built surface area on land 26793.4 m2\n<br>Height of the structure 119.34 m<\/p>\r\n                                \r\n                                \r\n                                \r\n                            <\/div>\r\n                        <\/div>\r\n                    <\/div>\r\n                <\/div>\r\n            <\/section>\r\n            <!-- mission-area-end -->\r\n\r\n        \r\n    \t\t\t\t<\/div>\n\t\t\t\t<\/div>\n\t\t\t\t\t<\/div>\n\t\t<\/div>\n\t\t\t\t\t<\/div>\n\t\t<\/section>\n\t\t<div class=\"elementor-element elementor-element-d2b56ed e-flex e-con-boxed e-con e-parent\" data-id=\"d2b56ed\" data-element_type=\"container\">\n\t\t\t\t\t<div class=\"e-con-inner\">\n\t\t\t\t\t<\/div>\n\t\t\t\t<\/div>\n\t\t<div class=\"elementor-element elementor-element-c5d2a6d e-flex e-con-boxed e-con e-parent\" data-id=\"c5d2a6d\" data-element_type=\"container\">\n\t\t\t\t\t<div class=\"e-con-inner\">\n\t\t\t\t\t<\/div>\n\t\t\t\t<\/div>\n\t\t<div class=\"elementor-element elementor-element-d8d671a e-flex e-con-boxed e-con e-parent\" data-id=\"d8d671a\" data-element_type=\"container\">\n\t\t\t\t\t<div class=\"e-con-inner\">\n\t\t\t\t<div class=\"elementor-element elementor-element-d0c8a8e elementor-widget elementor-widget-heading\" data-id=\"d0c8a8e\" data-element_type=\"widget\" data-widget_type=\"heading.default\">\n\t\t\t\t<div class=\"elementor-widget-container\">\n\t\t\t\t\t<h2 class=\"elementor-heading-title elementor-size-default\">EVOLUTION<\/h2>\t\t\t\t<\/div>\n\t\t\t\t<\/div>\n\t\t\t\t\t<\/div>\n\t\t\t\t<\/div>\n\t\t<div class=\"elementor-element elementor-element-b653177 e-flex e-con-boxed e-con e-parent\" data-id=\"b653177\" data-element_type=\"container\">\n\t\t\t\t\t<div class=\"e-con-inner\">\n\t\t\t\t\t<\/div>\n\t\t\t\t<\/div>\n\t\t<div class=\"elementor-element elementor-element-0ca92ac e-flex e-con-boxed e-con e-parent\" data-id=\"0ca92ac\" data-element_type=\"container\">\n\t\t\t\t\t<div class=\"e-con-inner\">\n\t\t\t\t<div class=\"elementor-element elementor-element-332f43b elementor-widget elementor-widget-image-gallery\" data-id=\"332f43b\" data-element_type=\"widget\" data-widget_type=\"image-gallery.default\">\n\t\t\t\t<div class=\"elementor-widget-container\">\n\t\t\t\t\t\t\t<div class=\"elementor-image-gallery\">\n\t\t\t<div id='gallery-1' class='gallery galleryid-87 gallery-columns-5 gallery-size-medium_large'><figure class='gallery-item'>\n\t\t\t<div class='gallery-icon portrait'>\n\t\t\t\t<a data-elementor-open-lightbox=\"yes\" data-elementor-lightbox-slideshow=\"332f43b\" data-elementor-lightbox-title=\"Capture\" data-e-action-hash=\"#elementor-action%3Aaction%3Dlightbox%26settings%3DeyJpZCI6MTE4NywidXJsIjoiaHR0cHM6XC9cL3RpcmFuYXRvd2VyLmFsXC93cC1jb250ZW50XC91cGxvYWRzXC8yMDI0XC8wMlwvQ2FwdHVyZS5wbmciLCJzbGlkZXNob3ciOiIzMzJmNDNiIn0%3D\" href='https:\/\/tiranatower.al\/wp-content\/uploads\/2024\/02\/Capture.png'><img fetchpriority=\"high\" decoding=\"async\" width=\"335\" height=\"594\" src=\"https:\/\/tiranatower.al\/wp-content\/uploads\/2024\/02\/Capture.png\" class=\"attachment-medium_large size-medium_large\" alt=\"\" srcset=\"https:\/\/tiranatower.al\/wp-content\/uploads\/2024\/02\/Capture.png 335w, https:\/\/tiranatower.al\/wp-content\/uploads\/2024\/02\/Capture-169x300.png 169w\" sizes=\"(max-width: 335px) 100vw, 335px\" \/><\/a>\n\t\t\t<\/div><\/figure><figure class='gallery-item'>\n\t\t\t<div class='gallery-icon portrait'>\n\t\t\t\t<a data-elementor-open-lightbox=\"yes\" data-elementor-lightbox-slideshow=\"332f43b\" data-elementor-lightbox-title=\"Capture1\" data-e-action-hash=\"#elementor-action%3Aaction%3Dlightbox%26settings%3DeyJpZCI6MTE4OCwidXJsIjoiaHR0cHM6XC9cL3RpcmFuYXRvd2VyLmFsXC93cC1jb250ZW50XC91cGxvYWRzXC8yMDI0XC8wMlwvQ2FwdHVyZTEucG5nIiwic2xpZGVzaG93IjoiMzMyZjQzYiJ9\" href='https:\/\/tiranatower.al\/wp-content\/uploads\/2024\/02\/Capture1.png'><img decoding=\"async\" width=\"335\" height=\"597\" src=\"https:\/\/tiranatower.al\/wp-content\/uploads\/2024\/02\/Capture1.png\" class=\"attachment-medium_large size-medium_large\" alt=\"\" srcset=\"https:\/\/tiranatower.al\/wp-content\/uploads\/2024\/02\/Capture1.png 335w, https:\/\/tiranatower.al\/wp-content\/uploads\/2024\/02\/Capture1-168x300.png 168w\" sizes=\"(max-width: 335px) 100vw, 335px\" \/><\/a>\n\t\t\t<\/div><\/figure><figure class='gallery-item'>\n\t\t\t<div class='gallery-icon portrait'>\n\t\t\t\t<a data-elementor-open-lightbox=\"yes\" data-elementor-lightbox-slideshow=\"332f43b\" data-elementor-lightbox-title=\"Capture2\" data-e-action-hash=\"#elementor-action%3Aaction%3Dlightbox%26settings%3DeyJpZCI6MTE4OSwidXJsIjoiaHR0cHM6XC9cL3RpcmFuYXRvd2VyLmFsXC93cC1jb250ZW50XC91cGxvYWRzXC8yMDI0XC8wMlwvQ2FwdHVyZTIucG5nIiwic2xpZGVzaG93IjoiMzMyZjQzYiJ9\" href='https:\/\/tiranatower.al\/wp-content\/uploads\/2024\/02\/Capture2.png'><img decoding=\"async\" width=\"333\" height=\"590\" src=\"https:\/\/tiranatower.al\/wp-content\/uploads\/2024\/02\/Capture2.png\" class=\"attachment-medium_large size-medium_large\" alt=\"\" srcset=\"https:\/\/tiranatower.al\/wp-content\/uploads\/2024\/02\/Capture2.png 333w, https:\/\/tiranatower.al\/wp-content\/uploads\/2024\/02\/Capture2-169x300.png 169w\" sizes=\"(max-width: 333px) 100vw, 333px\" \/><\/a>\n\t\t\t<\/div><\/figure><figure class='gallery-item'>\n\t\t\t<div class='gallery-icon portrait'>\n\t\t\t\t<a data-elementor-open-lightbox=\"yes\" data-elementor-lightbox-slideshow=\"332f43b\" data-elementor-lightbox-title=\"Capture3\" data-e-action-hash=\"#elementor-action%3Aaction%3Dlightbox%26settings%3DeyJpZCI6MTE5MCwidXJsIjoiaHR0cHM6XC9cL3RpcmFuYXRvd2VyLmFsXC93cC1jb250ZW50XC91cGxvYWRzXC8yMDI0XC8wMlwvQ2FwdHVyZTMucG5nIiwic2xpZGVzaG93IjoiMzMyZjQzYiJ9\" href='https:\/\/tiranatower.al\/wp-content\/uploads\/2024\/02\/Capture3.png'><img loading=\"lazy\" decoding=\"async\" width=\"328\" height=\"592\" src=\"https:\/\/tiranatower.al\/wp-content\/uploads\/2024\/02\/Capture3.png\" class=\"attachment-medium_large size-medium_large\" alt=\"\" srcset=\"https:\/\/tiranatower.al\/wp-content\/uploads\/2024\/02\/Capture3.png 328w, https:\/\/tiranatower.al\/wp-content\/uploads\/2024\/02\/Capture3-166x300.png 166w\" sizes=\"(max-width: 328px) 100vw, 328px\" \/><\/a>\n\t\t\t<\/div><\/figure><figure class='gallery-item'>\n\t\t\t<div class='gallery-icon portrait'>\n\t\t\t\t<a data-elementor-open-lightbox=\"yes\" data-elementor-lightbox-slideshow=\"332f43b\" data-elementor-lightbox-title=\"Capture4\" data-e-action-hash=\"#elementor-action%3Aaction%3Dlightbox%26settings%3DeyJpZCI6MTE5MSwidXJsIjoiaHR0cHM6XC9cL3RpcmFuYXRvd2VyLmFsXC93cC1jb250ZW50XC91cGxvYWRzXC8yMDI0XC8wMlwvQ2FwdHVyZTQucG5nIiwic2xpZGVzaG93IjoiMzMyZjQzYiJ9\" href='https:\/\/tiranatower.al\/wp-content\/uploads\/2024\/02\/Capture4.png'><img loading=\"lazy\" decoding=\"async\" width=\"332\" height=\"593\" src=\"https:\/\/tiranatower.al\/wp-content\/uploads\/2024\/02\/Capture4.png\" class=\"attachment-medium_large size-medium_large\" alt=\"\" srcset=\"https:\/\/tiranatower.al\/wp-content\/uploads\/2024\/02\/Capture4.png 332w, https:\/\/tiranatower.al\/wp-content\/uploads\/2024\/02\/Capture4-168x300.png 168w\" sizes=\"(max-width: 332px) 100vw, 332px\" \/><\/a>\n\t\t\t<\/div><\/figure><figure class='gallery-item'>\n\t\t\t<div class='gallery-icon landscape'>\n\t\t\t\t<a data-elementor-open-lightbox=\"yes\" data-elementor-lightbox-slideshow=\"332f43b\" data-elementor-lightbox-title=\"Capture5\" data-e-action-hash=\"#elementor-action%3Aaction%3Dlightbox%26settings%3DeyJpZCI6MTE5MiwidXJsIjoiaHR0cHM6XC9cL3RpcmFuYXRvd2VyLmFsXC93cC1jb250ZW50XC91cGxvYWRzXC8yMDI0XC8wMlwvQ2FwdHVyZTUucG5nIiwic2xpZGVzaG93IjoiMzMyZjQzYiJ9\" href='https:\/\/tiranatower.al\/wp-content\/uploads\/2024\/02\/Capture5.png'><img loading=\"lazy\" decoding=\"async\" width=\"427\" height=\"414\" src=\"https:\/\/tiranatower.al\/wp-content\/uploads\/2024\/02\/Capture5.png\" class=\"attachment-medium_large size-medium_large\" alt=\"\" srcset=\"https:\/\/tiranatower.al\/wp-content\/uploads\/2024\/02\/Capture5.png 427w, https:\/\/tiranatower.al\/wp-content\/uploads\/2024\/02\/Capture5-300x291.png 300w\" sizes=\"(max-width: 427px) 100vw, 427px\" \/><\/a>\n\t\t\t<\/div><\/figure><figure class='gallery-item'>\n\t\t\t<div class='gallery-icon landscape'>\n\t\t\t\t<a data-elementor-open-lightbox=\"yes\" data-elementor-lightbox-slideshow=\"332f43b\" data-elementor-lightbox-title=\"Capture6\" data-e-action-hash=\"#elementor-action%3Aaction%3Dlightbox%26settings%3DeyJpZCI6MTE5MywidXJsIjoiaHR0cHM6XC9cL3RpcmFuYXRvd2VyLmFsXC93cC1jb250ZW50XC91cGxvYWRzXC8yMDI0XC8wMlwvQ2FwdHVyZTYucG5nIiwic2xpZGVzaG93IjoiMzMyZjQzYiJ9\" href='https:\/\/tiranatower.al\/wp-content\/uploads\/2024\/02\/Capture6.png'><img loading=\"lazy\" decoding=\"async\" width=\"430\" height=\"426\" src=\"https:\/\/tiranatower.al\/wp-content\/uploads\/2024\/02\/Capture6.png\" class=\"attachment-medium_large size-medium_large\" alt=\"\" srcset=\"https:\/\/tiranatower.al\/wp-content\/uploads\/2024\/02\/Capture6.png 430w, https:\/\/tiranatower.al\/wp-content\/uploads\/2024\/02\/Capture6-300x297.png 300w, https:\/\/tiranatower.al\/wp-content\/uploads\/2024\/02\/Capture6-150x150.png 150w\" sizes=\"(max-width: 430px) 100vw, 430px\" \/><\/a>\n\t\t\t<\/div><\/figure><figure class='gallery-item'>\n\t\t\t<div class='gallery-icon portrait'>\n\t\t\t\t<a data-elementor-open-lightbox=\"yes\" data-elementor-lightbox-slideshow=\"332f43b\" data-elementor-lightbox-title=\"Capture8\" data-e-action-hash=\"#elementor-action%3Aaction%3Dlightbox%26settings%3DeyJpZCI6MTE5NSwidXJsIjoiaHR0cHM6XC9cL3RpcmFuYXRvd2VyLmFsXC93cC1jb250ZW50XC91cGxvYWRzXC8yMDI0XC8wMlwvQ2FwdHVyZTgucG5nIiwic2xpZGVzaG93IjoiMzMyZjQzYiJ9\" href='https:\/\/tiranatower.al\/wp-content\/uploads\/2024\/02\/Capture8.png'><img loading=\"lazy\" decoding=\"async\" width=\"425\" height=\"430\" src=\"https:\/\/tiranatower.al\/wp-content\/uploads\/2024\/02\/Capture8.png\" class=\"attachment-medium_large size-medium_large\" alt=\"\" srcset=\"https:\/\/tiranatower.al\/wp-content\/uploads\/2024\/02\/Capture8.png 425w, https:\/\/tiranatower.al\/wp-content\/uploads\/2024\/02\/Capture8-297x300.png 297w\" sizes=\"(max-width: 425px) 100vw, 425px\" \/><\/a>\n\t\t\t<\/div><\/figure><figure class='gallery-item'>\n\t\t\t<div class='gallery-icon portrait'>\n\t\t\t\t<a data-elementor-open-lightbox=\"yes\" data-elementor-lightbox-slideshow=\"332f43b\" data-elementor-lightbox-title=\"Capture9\" data-e-action-hash=\"#elementor-action%3Aaction%3Dlightbox%26settings%3DeyJpZCI6MTE5NiwidXJsIjoiaHR0cHM6XC9cL3RpcmFuYXRvd2VyLmFsXC93cC1jb250ZW50XC91cGxvYWRzXC8yMDI0XC8wMlwvQ2FwdHVyZTkucG5nIiwic2xpZGVzaG93IjoiMzMyZjQzYiJ9\" href='https:\/\/tiranatower.al\/wp-content\/uploads\/2024\/02\/Capture9.png'><img loading=\"lazy\" decoding=\"async\" width=\"439\" height=\"442\" src=\"https:\/\/tiranatower.al\/wp-content\/uploads\/2024\/02\/Capture9.png\" class=\"attachment-medium_large size-medium_large\" alt=\"\" srcset=\"https:\/\/tiranatower.al\/wp-content\/uploads\/2024\/02\/Capture9.png 439w, https:\/\/tiranatower.al\/wp-content\/uploads\/2024\/02\/Capture9-298x300.png 298w, https:\/\/tiranatower.al\/wp-content\/uploads\/2024\/02\/Capture9-150x150.png 150w\" sizes=\"(max-width: 439px) 100vw, 439px\" \/><\/a>\n\t\t\t<\/div><\/figure><figure class='gallery-item'>\n\t\t\t<div class='gallery-icon portrait'>\n\t\t\t\t<a data-elementor-open-lightbox=\"yes\" data-elementor-lightbox-slideshow=\"332f43b\" data-elementor-lightbox-title=\"Capture10\" data-e-action-hash=\"#elementor-action%3Aaction%3Dlightbox%26settings%3DeyJpZCI6MTE5NywidXJsIjoiaHR0cHM6XC9cL3RpcmFuYXRvd2VyLmFsXC93cC1jb250ZW50XC91cGxvYWRzXC8yMDI0XC8wMlwvQ2FwdHVyZTEwLnBuZyIsInNsaWRlc2hvdyI6IjMzMmY0M2IifQ%3D%3D\" href='https:\/\/tiranatower.al\/wp-content\/uploads\/2024\/02\/Capture10.png'><img loading=\"lazy\" decoding=\"async\" width=\"430\" height=\"435\" src=\"https:\/\/tiranatower.al\/wp-content\/uploads\/2024\/02\/Capture10.png\" class=\"attachment-medium_large size-medium_large\" alt=\"\" srcset=\"https:\/\/tiranatower.al\/wp-content\/uploads\/2024\/02\/Capture10.png 430w, https:\/\/tiranatower.al\/wp-content\/uploads\/2024\/02\/Capture10-297x300.png 297w\" sizes=\"(max-width: 430px) 100vw, 430px\" \/><\/a>\n\t\t\t<\/div><\/figure>\n\t\t<\/div>\n\t\t<\/div>\n\t\t\t\t\t\t<\/div>\n\t\t\t\t<\/div>\n\t\t\t\t\t<\/div>\n\t\t\t\t<\/div>\n\t\t<div class=\"elementor-element elementor-element-f75536e e-flex e-con-boxed e-con e-parent\" data-id=\"f75536e\" data-element_type=\"container\">\n\t\t\t\t\t<div class=\"e-con-inner\">\n\t\t\t\t\t<\/div>\n\t\t\t\t<\/div>\n\t\t<div class=\"elementor-element elementor-element-3c28da7 e-flex e-con-boxed e-con e-parent\" data-id=\"3c28da7\" data-element_type=\"container\">\n\t\t\t\t\t<div class=\"e-con-inner\">\n\t\t<div class=\"elementor-element elementor-element-4ac2970 e-con-full e-flex e-con e-child\" data-id=\"4ac2970\" data-element_type=\"container\">\n\t\t\t\t<div class=\"elementor-element elementor-element-ad92ff3 elementor-widget elementor-widget-text-editor\" data-id=\"ad92ff3\" data-element_type=\"widget\" data-widget_type=\"text-editor.default\">\n\t\t\t\t<div class=\"elementor-widget-container\">\n\t\t\t\t\t\t\t\t\t<p><strong>From the treasures of tradition to the boundaries of innovation, Tirana Tower stretches into the sky of Tirana as a symbol of courage and creativity. With its elegant profile consisting of 9 and 34 floors, capturing every ray of light and providing spacious living spaces, this tower not only heralds a new era of urban development but also embodies the dream of a future built upon elegance and functionality. Situated in one of the most coveted locations in the capital, adorned with a facade that echoes the symbolism of our traditional triangles, Tirana Tower is a testament to our commitment to elevate the standards of urban living, making it not just a home but an icon of innovation.<\/strong><\/p>\t\t\t\t\t\t\t\t<\/div>\n\t\t\t\t<\/div>\n\t\t\t\t<\/div>\n\t\t<div class=\"elementor-element elementor-element-81049de e-con-full e-flex e-con e-child\" data-id=\"81049de\" data-element_type=\"container\">\n\t\t\t\t<div class=\"elementor-element elementor-element-e282909 elementor-widget elementor-widget-image\" data-id=\"e282909\" data-element_type=\"widget\" data-widget_type=\"image.default\">\n\t\t\t\t<div class=\"elementor-widget-container\">\n\t\t\t\t\t\t\t\t\t\t\t\t\t\t\t<img loading=\"lazy\" decoding=\"async\" width=\"2048\" height=\"1193\" src=\"https:\/\/tiranatower.al\/wp-content\/uploads\/2024\/02\/210902_OPP2176_Tirana-Tower_Concept-Presentation_per-print-38-2048x1193.jpg\" class=\"attachment-2048x2048 size-2048x2048 wp-image-915\" alt=\"\" srcset=\"https:\/\/tiranatower.al\/wp-content\/uploads\/2024\/02\/210902_OPP2176_Tirana-Tower_Concept-Presentation_per-print-38-2048x1193.jpg 2048w, https:\/\/tiranatower.al\/wp-content\/uploads\/2024\/02\/210902_OPP2176_Tirana-Tower_Concept-Presentation_per-print-38-300x175.jpg 300w, https:\/\/tiranatower.al\/wp-content\/uploads\/2024\/02\/210902_OPP2176_Tirana-Tower_Concept-Presentation_per-print-38-1024x596.jpg 1024w, https:\/\/tiranatower.al\/wp-content\/uploads\/2024\/02\/210902_OPP2176_Tirana-Tower_Concept-Presentation_per-print-38-768x447.jpg 768w, https:\/\/tiranatower.al\/wp-content\/uploads\/2024\/02\/210902_OPP2176_Tirana-Tower_Concept-Presentation_per-print-38-1536x895.jpg 1536w\" sizes=\"(max-width: 2048px) 100vw, 2048px\" \/>\t\t\t\t\t\t\t\t\t\t\t\t\t\t\t<\/div>\n\t\t\t\t<\/div>\n\t\t\t\t<\/div>\n\t\t\t\t\t<\/div>\n\t\t\t\t<\/div>\n\t\t<div class=\"elementor-element elementor-element-a569026 e-flex e-con-boxed e-con e-parent\" data-id=\"a569026\" data-element_type=\"container\">\n\t\t\t\t\t<div class=\"e-con-inner\">\n\t\t\t\t<div class=\"elementor-element elementor-element-96157e0 elementor-arrows-position-inside elementor-pagination-position-outside elementor-widget elementor-widget-image-carousel\" data-id=\"96157e0\" data-element_type=\"widget\" data-settings=\"{&quot;navigation&quot;:&quot;both&quot;,&quot;autoplay&quot;:&quot;yes&quot;,&quot;pause_on_hover&quot;:&quot;yes&quot;,&quot;pause_on_interaction&quot;:&quot;yes&quot;,&quot;autoplay_speed&quot;:5000,&quot;infinite&quot;:&quot;yes&quot;,&quot;speed&quot;:500}\" data-widget_type=\"image-carousel.default\">\n\t\t\t\t<div class=\"elementor-widget-container\">\n\t\t\t\t\t\t\t<div class=\"elementor-image-carousel-wrapper swiper\" role=\"region\" aria-roledescription=\"carousel\" aria-label=\"Image Carousel\" dir=\"ltr\">\n\t\t\t<div class=\"elementor-image-carousel swiper-wrapper\" aria-live=\"off\">\n\t\t\t\t\t\t\t\t<div class=\"swiper-slide\" role=\"group\" aria-roledescription=\"slide\" aria-label=\"1 of 9\"><figure class=\"swiper-slide-inner\"><img decoding=\"async\" class=\"swiper-slide-image\" src=\"https:\/\/tiranatower.al\/wp-content\/uploads\/2024\/02\/Untitled-4-01-1024x613.jpg\" alt=\"Untitled-4-01\" \/><\/figure><\/div><div class=\"swiper-slide\" role=\"group\" aria-roledescription=\"slide\" aria-label=\"2 of 9\"><figure class=\"swiper-slide-inner\"><img decoding=\"async\" class=\"swiper-slide-image\" src=\"https:\/\/tiranatower.al\/wp-content\/uploads\/2024\/02\/Untitled-4-03-1-1024x613.jpg\" alt=\"Untitled-4-03\" \/><\/figure><\/div><div class=\"swiper-slide\" role=\"group\" aria-roledescription=\"slide\" aria-label=\"3 of 9\"><figure class=\"swiper-slide-inner\"><img decoding=\"async\" class=\"swiper-slide-image\" src=\"https:\/\/tiranatower.al\/wp-content\/uploads\/2024\/02\/Untitled-4-04-1024x613.jpg\" alt=\"Untitled-4-04\" \/><\/figure><\/div><div class=\"swiper-slide\" role=\"group\" aria-roledescription=\"slide\" aria-label=\"4 of 9\"><figure class=\"swiper-slide-inner\"><img decoding=\"async\" class=\"swiper-slide-image\" src=\"https:\/\/tiranatower.al\/wp-content\/uploads\/2024\/02\/Untitled-4-05-1024x613.jpg\" alt=\"Untitled-4-05\" \/><\/figure><\/div><div class=\"swiper-slide\" role=\"group\" aria-roledescription=\"slide\" aria-label=\"5 of 9\"><figure class=\"swiper-slide-inner\"><img decoding=\"async\" class=\"swiper-slide-image\" src=\"https:\/\/tiranatower.al\/wp-content\/uploads\/2024\/02\/Untitled-4-06-1024x613.jpg\" alt=\"Untitled-4-06\" \/><\/figure><\/div><div class=\"swiper-slide\" role=\"group\" aria-roledescription=\"slide\" aria-label=\"6 of 9\"><figure class=\"swiper-slide-inner\"><img decoding=\"async\" class=\"swiper-slide-image\" src=\"https:\/\/tiranatower.al\/wp-content\/uploads\/2024\/02\/Untitled-4-07-1024x613.jpg\" alt=\"Untitled-4-07\" \/><\/figure><\/div><div class=\"swiper-slide\" role=\"group\" aria-roledescription=\"slide\" aria-label=\"7 of 9\"><figure class=\"swiper-slide-inner\"><img decoding=\"async\" class=\"swiper-slide-image\" src=\"https:\/\/tiranatower.al\/wp-content\/uploads\/2024\/02\/Untitled-4-08-1024x613.jpg\" alt=\"Untitled-4-08\" \/><\/figure><\/div><div class=\"swiper-slide\" role=\"group\" aria-roledescription=\"slide\" aria-label=\"8 of 9\"><figure class=\"swiper-slide-inner\"><img decoding=\"async\" class=\"swiper-slide-image\" src=\"https:\/\/tiranatower.al\/wp-content\/uploads\/2024\/02\/Untitled-4-09-1024x613.jpg\" alt=\"Untitled-4-09\" \/><\/figure><\/div><div class=\"swiper-slide\" role=\"group\" aria-roledescription=\"slide\" aria-label=\"9 of 9\"><figure class=\"swiper-slide-inner\"><img decoding=\"async\" class=\"swiper-slide-image\" src=\"https:\/\/tiranatower.al\/wp-content\/uploads\/2024\/02\/Untitled-4-10-1024x613.jpg\" alt=\"Untitled-4-10\" \/><\/figure><\/div>\t\t\t<\/div>\n\t\t\t\t\t\t\t\t\t\t\t\t<div class=\"elementor-swiper-button elementor-swiper-button-prev\" role=\"button\" tabindex=\"0\">\n\t\t\t\t\t\t<svg aria-hidden=\"true\" class=\"e-font-icon-svg e-eicon-chevron-left\" viewbox=\"0 0 1000 1000\" xmlns=\"http:\/\/www.w3.org\/2000\/svg\"><path d=\"M646 125C629 125 613 133 604 142L308 442C296 454 292 471 292 487 292 504 296 521 308 533L604 854C617 867 629 875 646 875 663 875 679 871 692 858 704 846 713 829 713 812 713 796 708 779 692 767L438 487 692 225C700 217 708 204 708 187 708 171 704 154 692 142 675 129 663 125 646 125Z\"><\/path><\/svg>\t\t\t\t\t<\/div>\n\t\t\t\t\t<div class=\"elementor-swiper-button elementor-swiper-button-next\" role=\"button\" tabindex=\"0\">\n\t\t\t\t\t\t<svg aria-hidden=\"true\" class=\"e-font-icon-svg e-eicon-chevron-right\" viewbox=\"0 0 1000 1000\" xmlns=\"http:\/\/www.w3.org\/2000\/svg\"><path d=\"M696 533C708 521 713 504 713 487 713 471 708 454 696 446L400 146C388 133 375 125 354 125 338 125 325 129 313 142 300 154 292 171 292 187 292 204 296 221 308 233L563 492 304 771C292 783 288 800 288 817 288 833 296 850 308 863 321 871 338 875 354 875 371 875 388 867 400 854L696 533Z\"><\/path><\/svg>\t\t\t\t\t<\/div>\n\t\t\t\t\n\t\t\t\t\t\t\t\t\t<div class=\"swiper-pagination\"><\/div>\n\t\t\t\t\t\t\t\t\t<\/div>\n\t\t\t\t\t\t<\/div>\n\t\t\t\t<\/div>\n\t\t\t\t\t<\/div>\n\t\t\t\t<\/div>\n\t\t\t\t<\/div>","protected":false},"excerpt":{"rendered":"<p>Historia Jone DIAGRAMA E ZHVILLIMIT TE FASADES Siperfaqe trualli 29980 m2 Sip\u00ebrfaqja e nd\u00ebrtuar mbi tok\u00eb 26793.4 m2 Lart\u00ebsia e struktur\u00ebs 119.34 m ZHVILLIMI Nga thesaret e tradit\u00ebs tek kufijt\u00eb e inovacionit, Tirana Tower zgjatet n\u00eb qiellin e Tiran\u00ebs si nj\u00eb simbol i guximit dhe kreativitetit. N\u00eb profilin e saj elegant me 9 dhe 34 [&hellip;]<\/p>\n","protected":false},"author":2,"featured_media":0,"parent":0,"menu_order":0,"comment_status":"closed","ping_status":"closed","template":"elementor_header_footer","meta":{"_acf_changed":false,"footnotes":""},"class_list":["post-87","page","type-page","status-publish","hentry"],"acf":[],"_links":{"self":[{"href":"https:\/\/tiranatower.al\/en\/wp-json\/wp\/v2\/pages\/87","targetHints":{"allow":["GET"]}}],"collection":[{"href":"https:\/\/tiranatower.al\/en\/wp-json\/wp\/v2\/pages"}],"about":[{"href":"https:\/\/tiranatower.al\/en\/wp-json\/wp\/v2\/types\/page"}],"author":[{"embeddable":true,"href":"https:\/\/tiranatower.al\/en\/wp-json\/wp\/v2\/users\/2"}],"replies":[{"embeddable":true,"href":"https:\/\/tiranatower.al\/en\/wp-json\/wp\/v2\/comments?post=87"}],"version-history":[{"count":5,"href":"https:\/\/tiranatower.al\/en\/wp-json\/wp\/v2\/pages\/87\/revisions"}],"predecessor-version":[{"id":2364,"href":"https:\/\/tiranatower.al\/en\/wp-json\/wp\/v2\/pages\/87\/revisions\/2364"}],"wp:attachment":[{"href":"https:\/\/tiranatower.al\/en\/wp-json\/wp\/v2\/media?parent=87"}],"curies":[{"name":"wp","href":"https:\/\/api.w.org\/{rel}","templated":true}]}}